{"id":2248,"date":"2023-10-18T12:09:59","date_gmt":"2023-10-18T11:09:59","guid":{"rendered":"https:\/\/objetivoespanol.com\/?page_id=2248"},"modified":"2024-02-12T10:41:33","modified_gmt":"2024-02-12T10:41:33","slug":"terminos-y-condiciones","status":"publish","type":"page","link":"https:\/\/objetivoespanol.com\/es\/terminos-y-condiciones\/","title":{"rendered":"T\u00e9rminos y Condiciones"},"content":{"rendered":"<h2 style=\"font-weight: 400;\">Condiciones de uso<\/h2>\n<p style=\"font-weight: 400;\">Bienvenido\/a a Objetivo Espa\u00f1ol. Al utilizar este Sitio Web, acepta usted cumplir y estar sujeto a los siguientes t\u00e9rminos y condiciones de uso. Si no est\u00e1 de acuerdo con alguna parte de estos t\u00e9rminos, por favor, no utilice nuestro sitio.&#8221;<\/p>\n<p style=\"font-weight: 400;\">Definiciones:<\/p>\n<ul style=\"font-weight: 400;\">\n<li><strong>SITIO WEB<\/strong>: la propietaria de <a href=\"https:\/\/objetivoespanol.com\/\">https:\/\/objetivoespanol.com\/<\/a> es Patricia V\u00e1zquez L\u00f3pez (SITIO, a partir de ahora).<\/li>\n<li><strong>CONTENIDOS<\/strong>: El SITIO proporciona el acceso a multitud de informaciones, servicios, programas o datos (en adelante, CONTENIDOS) a trav\u00e9s de Internet, que corresponden en su defecto al titular del sitio, salvo que expresamente se indique lo contrario.<\/li>\n<li><strong>USUARIOS<\/strong>: El acceso y\/o uso de este SITIO atribuye la condici\u00f3n de USUARIO, que acepta, desde dicho acceso y\/o uso, las Condiciones Generales de Uso aqu\u00ed reflejadas.<\/li>\n<li><strong>CONDICIONES DE USO<\/strong>: Acuerdo legal que establece las normas y condiciones que permiten a los usuarios acceder y utilizar un sitio web o un servicio en l\u00ednea.<\/li>\n<li><strong>POL\u00cdTICA DE PRIVACIDAD<\/strong>: Documento que explica c\u00f3mo un sitio web u organizaci\u00f3n recopila, utiliza, almacena y protege la informaci\u00f3n personal proporcionada por los usuarios.<\/li>\n<li><strong>PROTECCI\u00d3N DE DATOS<\/strong>: pr\u00e1ctica consistente en salvaguardar la informaci\u00f3n personal y garantizar que se procesa de acuerdo con las leyes y normativas sobre privacidad.<\/li>\n<li><strong>GDPR<\/strong> (Reglamento General de Protecci\u00f3n de Datos): Un amplio reglamento de la Uni\u00f3n Europea que regula el tratamiento de datos personales, mejorando la protecci\u00f3n de datos y la privacidad de los ciudadanos de la UE.<\/li>\n<\/ul>\n<p>Uso del sitio<\/p>\n<p style=\"font-weight: 400;\">Cuando el USUARIO utilice el sitio y se haya registrado en \u00e9l deber\u00e1\u00a0mantener la confidencialidad de los datos y la contrase\u00f1a de su cuenta, y restringir el acceso a su ordenador para evitar posibles usos no autorizados de su cuenta. La responsabilidad por todas las actividades realizadas desde su cuenta y su contrase\u00f1a de acceso recaer\u00e1 sobre el USUARIO. Recomendamos tomar todas las medidas necesarias para asegurar que la contrase\u00f1a permanezca en secreto y a salvo, e informarnos inmediatamente en caso de que se tengan motivos para creer que la contrase\u00f1a ha sido puesta en conocimiento de un tercero o si \u00e9sta ha sido utilizada de manera no autorizada o es susceptible de serlo.<\/p>\n<p style=\"font-weight: 400;\">Cuando un\u00a0USUARIO facilite datos por cualquiera de los medios disponibles en el sitio, comprobar\u00e1 que son correctos y completos y, en el caso de tratarse de un USUARIO registrado, nos comunicar\u00e1 inmediatamente cualquier variaci\u00f3n en la informaci\u00f3n que nos haya\u00a0facilitado al registrarse. El USUARIO que se encuentre registrado puede\u00a0acceder a su informaci\u00f3n y actualizarla una vez iniciada la sesi\u00f3n mediante la secci\u00f3n habilitada para ello.<\/p>\n<p style=\"font-weight: 400;\">El USUARIO que accede al sitio debe conocer nuestra <strong>Pol\u00edtica de Privacidad<\/strong>, que tambi\u00e9n rige las visitas que se realicen al\u00a0sitio.<\/p>\n<p style=\"font-weight: 400;\">Al USUARIO se le\u00a0concede una licencia limitada de acceso al sitio para su uso personal. Dicha licencia no incluye\u00a0 ning\u00fan derecho de reventa ni de uso comercial del sitio web ni de sus CONTENIDOS, el derecho a descargar o copiar informaci\u00f3n de cuentas para el beneficio de otro comerciante\u00a0ni al uso de herramientas o robots de b\u00fasqueda y extracci\u00f3n de datos.\u00a0No est\u00e1 permitida la reproducci\u00f3n, duplicado, copia, venta, reventa, ni explotaci\u00f3n de ning\u00fan tipo de los CONTENIDOS del sitio ni de parte del mismo con fines comerciales sin el expreso consentimiento previo y por escrito de la propietaria del sitio y\/o del CONTENIDO.<\/p>\n<p style=\"font-weight: 400;\">El USUARIO se compromete a hacer un uso adecuado de los CONTENIDOS\u00a0y servicios que se ofrecen desde este sitio y, concretamente y con car\u00e1cter enunciativo pero no limitativo, a no emplearlos para:<\/p>\n<ul style=\"font-weight: 400;\">\n<li>Incurrir en actividades il\u00edcitas, ilegales o contrarias a la buena fe y al orden p\u00fablico.<\/li>\n<li>Difundir contenidos o propaganda de car\u00e1cter racista, xen\u00f3fobo, pornogr\u00e1fico-ilegal, de apolog\u00eda del terrorismo o atentatorio contra los derechos humanos.<\/li>\n<li>Provocar da\u00f1os en los sistemas f\u00edsicos y l\u00f3gicos del sitio, de sus proveedores o de terceras personas, introducir o difundir en la red virus inform\u00e1ticos o cualesquiera otros sistemas f\u00edsicos o l\u00f3gicos que sean susceptibles de provocar los da\u00f1os anteriormente mencionados.<\/li>\n<li>Intentar acceder y, en su caso, utilizar las cuentas de correo electr\u00f3nico de otros usuarios y modificar o manipular sus mensajes.<\/li>\n<li>Utilizar el SITIO de un modo que cause o pueda causar que el contenido o el acceso al mismo se vean interrumpidos, da\u00f1ados o deteriorados de alg\u00fan modo.<\/li>\n<\/ul>\n<p style=\"font-weight: 400;\">Al USUARIO se le concede el derecho limitado, revocable y no exclusivo de crear un hiperv\u00ednculo que dirija a los CONTENIDOS\u00a0del SITIO, siempre que dicho enlace no represente al propio SITIO o a sus USUARIOS de un modo falso, err\u00f3neo, despectivo o de otro modo ofensivo.<\/p>\n<p style=\"font-weight: 400;\">Cl\u00e1usula de prevenci\u00f3n de conflicto de intereses<\/p>\n<p style=\"font-weight: 400;\">Los USUARIOS que est\u00e9n matriculados en alguna instituci\u00f3n educativa con la que la propietaria colabore no podr\u00e1n reservar clases en este SITIO.<\/p>\n<p style=\"font-weight: 400;\">Responsabilidad del contenido<\/p>\n<p style=\"font-weight: 400;\">Como en muchos otros sitios existentes en internet, los USUARIOS podr\u00e1n publicar en algunas de las secciones sus opiniones y comentarios sobre algunos de los CONTENIDOS, enviar comunicaciones, sugerencias, ideas, preguntas u otra informaci\u00f3n, siempre que el contenido de las mismas no resulte il\u00edcito, obsceno, abusivo, amenazante, difamatorio, invada la privacidad de terceros, infrinja derechos de propiedad intelectual, resulte injurioso o censurable de otro modo para terceros, o contenga virus inform\u00e1ticos, propaganda pol\u00edtica, contenido publicitario, correos en cadena, env\u00edo masivo de correos o cualquier otro tipo de \u2018spam\u2019. Adem\u00e1s, no est\u00e1 permitido el uso de direcciones de correo electr\u00f3nico falsas, suplantar la identidad de otra persona o entidad, ni mentir de otro modo sobre el origen de cualquier contenido.<\/p>\n<p style=\"font-weight: 400;\">El SITIO se reserva el derecho (pero no la obligaci\u00f3n) de eliminar o modificar cualquier contenido que no cumpla con estas reglas.\u00a0En cualquier caso, ni el SITIO ni los administradores del mismo se har\u00e1n responsables de las opiniones vertidas por cualquiera de las herramientas de participaci\u00f3n disponibles ya que\u00a0el USUARIO debe ser consciente de que es \u00e9l, seg\u00fan la normativa vigente, y no el SITIO, el responsable de toda comunicaci\u00f3n electr\u00f3nica y contenido enviados desde su ordenador, y de que se debe usar el SITIO\u00a0web solamente con fines l\u00edcitos.<\/p>\n<p style=\"font-weight: 400;\">Funcionamiento del sitio<\/p>\n<p style=\"font-weight: 400;\">Los administradores y propietarios de este SITIO se esfuerzan\u00a0al m\u00e1ximo para asegurar que el acceso a la web sea ininterrumpido y la transmisi\u00f3n est\u00e9 libre de errores. Sin embargo, debido a la naturaleza de Internet, no pueden garantizarlo plenamente. Adem\u00e1s, en ocasiones el acceso al contenido podr\u00e1 suspenderse o restringirse temporalmente para realizar tareas de reparaci\u00f3n o mantenimiento, y para la implementaci\u00f3n de nuevas herramientas o servicios. Se intentar\u00e1, en la medida de lo posible, minimizar la frecuencia y la duraci\u00f3n de cada una de estas suspensiones y restricciones de acceso.<\/p>\n<p style=\"font-weight: 400;\">El SITIO\u00a0se reserva el derecho a denegar cualquier intento de acceso a la web o su CONTENIDO, cancelar cuentas y eliminar o modificar contenidos si considera que no se cumplen con\u00a0las condiciones de uso o con cualquier otra norma o ley.<\/p>\n<p style=\"font-weight: 400;\">El SITIO se reserva el derecho de modificar en cualquier momento estas Condiciones de Uso que afectan al acceso y uso del propio SITIO. La vigencia de estas condiciones ir\u00e1 en funci\u00f3n de su exposici\u00f3n y estar\u00e1n vigentes hasta que sean cambiadas por otras debidamente publicadas.<\/p>\n<p style=\"font-weight: 400;\">La relaci\u00f3n de los propietarios y administradores del SITIO con el USUARIO se regir\u00e1 por la normativa espa\u00f1ola vigente y cualquier controversia o conflicto se someter\u00e1 a los juzgados y tribunales de la ciudad de Madrid.<\/p>\n<p>&nbsp;<\/p>\n","protected":false},"excerpt":{"rendered":"<p>Condiciones de uso Bienvenido\/a a Objetivo Espa\u00f1ol. Al utilizar este Sitio Web, acepta usted cumplir y estar sujeto a los siguientes t\u00e9rminos y condiciones de uso. Si no est\u00e1 de acuerdo con alguna parte de estos t\u00e9rminos, por favor, no utilice nuestro sitio.&#8221; Definiciones: SITIO WEB: la propietaria de https:\/\/objetivoespanol.com\/ es Patricia V\u00e1zquez L\u00f3pez (SITIO, [&hellip;]<\/p>\n","protected":false},"author":24,"featured_media":0,"parent":0,"menu_order":0,"comment_status":"closed","ping_status":"closed","template":"","meta":{"_et_pb_use_builder":"","_et_pb_old_content":"","_et_gb_content_width":"","footnotes":""},"_links":{"self":[{"href":"https:\/\/objetivoespanol.com\/es\/wp-json\/wp\/v2\/pages\/2248"}],"collection":[{"href":"https:\/\/objetivoespanol.com\/es\/wp-json\/wp\/v2\/pages"}],"about":[{"href":"https:\/\/objetivoespanol.com\/es\/wp-json\/wp\/v2\/types\/page"}],"author":[{"embeddable":true,"href":"https:\/\/objetivoespanol.com\/es\/wp-json\/wp\/v2\/users\/24"}],"replies":[{"embeddable":true,"href":"https:\/\/objetivoespanol.com\/es\/wp-json\/wp\/v2\/comments?post=2248"}],"version-history":[{"count":0,"href":"https:\/\/objetivoespanol.com\/es\/wp-json\/wp\/v2\/pages\/2248\/revisions"}],"wp:attachment":[{"href":"https:\/\/objetivoespanol.com\/es\/wp-json\/wp\/v2\/media?parent=2248"}],"curies":[{"name":"wp","href":"https:\/\/api.w.org\/{rel}","templated":true}]}}