{"id":2232,"date":"2023-10-18T12:09:58","date_gmt":"2023-10-18T11:09:58","guid":{"rendered":"https:\/\/objetivoespanol.com\/?page_id=2232"},"modified":"2024-02-12T10:41:32","modified_gmt":"2024-02-12T10:41:32","slug":"politica-de-privacidad","status":"publish","type":"page","link":"https:\/\/objetivoespanol.com\/es\/politica-de-privacidad\/","title":{"rendered":"Pol\u00edtica de Privacidad"},"content":{"rendered":"<h1>\u00daltima actualizaci\u00f3n: 10 de Septiembre de 2023<\/h1>\n<p>&nbsp;<\/p>\n<h2>1. INFORMACI\u00d3N AL USUARIO<\/h2>\n<p>&nbsp;<\/p>\n<p style=\"font-weight: 400;\">\u00a1Bienvenidos a Objetivo Espa\u00f1ol!<\/p>\n<p style=\"font-weight: 400;\">Valoramos su privacidad y estamos comprometidos en proteger su informaci\u00f3n personal. Esta Pol\u00edtica de Privacidad explica c\u00f3mo recopilamos, usamos, revelamos y protegemos su informaci\u00f3n cuando utiliza nuestro sitio web o servicios.<\/p>\n<p style=\"font-weight: 400;\">Patricia V\u00e1zquez L\u00f3pez en adelante RESPONSABLE, es la Responsable del tratamiento de los datos personales del Usuario y le informa de que estos datos ser\u00e1n tratados de conformidad con lo dispuesto en las normativas vigentes en protecci\u00f3n de datos personales, el Reglamento (UE) 2016\/679 de 27 de abril de 2016 (GDPR) relativo a la protecci\u00f3n de las personas f\u00edsicas en lo que respecta al tratamiento de datos personales y a la libre circulaci\u00f3n de estos datos, y la Ley Org\u00e1nica 3\/2018, de 5 de diciembre, de Protecci\u00f3n de Datos Personales y garant\u00eda de los derechos digitales, por lo que se le facilita la siguiente informaci\u00f3n del tratamiento:<\/p>\n<p style=\"font-weight: 400;\"><strong>Finalidad del tratamiento<\/strong><\/p>\n<p style=\"font-weight: 400;\"><strong>Recopilamos informaci\u00f3n suya para<\/strong><strong>\u00a0<\/strong>mantener una relaci\u00f3n comercial con el Usuario. Las operaciones previstas para realizar el tratamiento son:<\/p>\n<ul style=\"font-weight: 400;\">\n<li>Remisi\u00f3n de comunicaciones comerciales publicitarias por email, SMS, MMS, comunidades sociales o cualquier otro medio electr\u00f3nico o f\u00edsico, presente o futuro, que posibilite realizar comunicaciones comerciales. Estas comunicaciones ser\u00e1n realizadas por la RESPONSABLE y relacionadas sobre sus productos y servicios, o de sus colaboradores o proveedores con los que este haya alcanzado alg\u00fan acuerdo de promoci\u00f3n. En este caso, los terceros nunca tendr\u00e1n acceso a los datos personales.<\/li>\n<li>Tramitar encargos, solicitudes o cualquier tipo de petici\u00f3n que sea realizada por el Usuario a trav\u00e9s de cualquiera de las formas de contacto que se ponen a su disposici\u00f3n.<\/li>\n<\/ul>\n<p style=\"font-weight: 400;\"><strong>Criterios de conservaci\u00f3n de los datos<\/strong><\/p>\n<p style=\"font-weight: 400;\">Se conservar\u00e1n mientras exista un inter\u00e9s mutuo para mantener el fin del tratamiento y cuando ya no sea necesario para tal fin se suprimir\u00e1n con medidas de seguridad adecuadas para garantizar la seudonimizaci\u00f3n de los datos o la destrucci\u00f3n total de los mismos.<\/p>\n<p style=\"font-weight: 400;\"><strong>Comunicaci\u00f3n de los datos<\/strong><\/p>\n<p style=\"font-weight: 400;\">No se comunicar\u00e1n los datos a terceros, salvo obligaci\u00f3n legal.<\/p>\n<p style=\"font-weight: 400;\"><strong>Derechos que asisten al Usuario:<\/strong><\/p>\n<ul style=\"font-weight: 400;\">\n<li>Derecho a retirar el consentimiento en cualquier momento.<\/li>\n<li>Derecho de acceso, rectificaci\u00f3n, portabilidad y supresi\u00f3n de sus datos y a la limitaci\u00f3n u oposici\u00f3n a su tratamiento.<\/li>\n<li>Derecho a presentar una reclamaci\u00f3n ante la autoridad de control, la Agencia Espa\u00f1ola de Protecci\u00f3n de datos (AEPD) (https:\/\/www.aepd.es\/es) si considera que el tratamiento no se ajusta a la normativa vigente.<\/li>\n<\/ul>\n<p style=\"font-weight: 400;\"><strong>Datos de contacto para ejercer sus derechos:<\/strong><\/p>\n<p style=\"font-weight: 400;\">Estamos siempre aqu\u00ed para ayudarle a controlar tus datos. Tienes derecho a ver, modificar o eliminar la informaci\u00f3n personal que tenemos sobre usted. Env\u00edenos un correo electr\u00f3nico a info@localhost y gestionaremos cualquier cambio que desee realizar.<\/p>\n<h2>2. CAR\u00c1CTER OBLIGATORIO O FACULTATIVO DE LA INFORMACI\u00d3N FACILITADA POR EL USUARIO<\/h2>\n<p style=\"font-weight: 400;\">Esta p\u00e1gina recopila datos personales:<\/p>\n<ul style=\"font-weight: 400;\">\n<li>Al inscribirse para\u00a0reservar una clase de espa\u00f1ol para que los USUARIOS comprueben c\u00f3mo funciona el sistema de ense\u00f1anza de la p\u00e1gina.<\/li>\n<li>Durante el proceso de compra de cualquiera de nuestros productos.<\/li>\n<li>Cuando el USUARIO pide informaci\u00f3n utilizando nuestro formulario de contacto.<\/li>\n<li>Al realizar una reserva para una clase en nuestro calendario.<\/li>\n<li>Al realizar comentarios en las p\u00e1ginas que permiten esta opci\u00f3n.<\/li>\n<\/ul>\n<p style=\"font-weight: 400;\">En cualquiera de estos puntos, los Usuarios, mediante la marcaci\u00f3n de las casillas correspondientes y entrada de datos en los campos marcados con un asterisco (*), aceptan expresamente y de forma libre e inequ\u00edvoca que sus datos son necesarios para atender su petici\u00f3n por parte del prestador, siendo voluntaria la inclusi\u00f3n de datos en los campos restantes. El Usuario garantiza que los datos personales facilitados a la RESPONSABLE son veraces y se hace responsable de comunicar cualquier modificaci\u00f3n de los mismos.<\/p>\n<p style=\"font-weight: 400;\">No recopilamos informaci\u00f3n sobre los datos bancarios y\/o las tarjetas de d\u00e9bito o de cr\u00e9dito de los USUARIOS ya que las transacciones econ\u00f3micas se realizan a trav\u00e9s de la plataforma PAYPAL. En cualquier caso, todas las comunicaciones entre la p\u00e1gina y el USUARIO\u00a0est\u00e1n aseguradas mediante un certificado de seguridad SSL, de tal forma que el USUARIO puede comprobar en cualquier momento que la p\u00e1gina visitada pertenece al SITIO\u00a0verificando la URL y el s\u00edmbolo de \u201csitio seguro\u201d colocado delante de esta URL, que ser\u00e1 del tipo\u00a0<em>https.<\/em><\/p>\n<p style=\"font-weight: 400;\">Adem\u00e1s, el SITIO almacena diversos datos mediante el empleo de Cookies. Si desea saber m\u00e1s sobre nuestra\u00a0<a href=\"https:\/\/www.tuescueladeespanol.es\/politica-de-cookies\/\">Pol\u00edtica de Cookies<\/a>, lea el apartado dedicado a ella.<\/p>\n<p style=\"font-weight: 400;\">La RESPONSABLE informa y garantiza expresamente a los usuarios que sus datos personales no ser\u00e1n cedidos en ning\u00fan caso a terceros, y que siempre que realice alg\u00fan tipo de cesi\u00f3n de datos personales, se pedir\u00e1 previamente el consentimiento expreso, informado e inequ\u00edvoco por parte los Usuarios. Todos los datos solicitados a trav\u00e9s del sitio web son obligatorios, ya que son necesarios para la prestaci\u00f3n de un servicio \u00f3ptimo al Usuario. En caso de que no sean facilitados todos los datos, no se garantiza que la informaci\u00f3n y servicios facilitados sean completamente ajustados a sus necesidades.<\/p>\n<h2>3. MEDIDAS DE SEGURIDAD<\/h2>\n<p style=\"font-weight: 400;\">Que de conformidad con lo dispuesto en las normativas vigentes en protecci\u00f3n de datos personales, la RESPONSABLE est\u00e1 cumpliendo con todas las disposiciones de las normativas GDPR y LOPD para el tratamiento de los datos personales de su responsabilidad, y manifiestamente con los principios descritos en el art\u00edculo 5 del GDPR y en el art\u00edculo 4 de la LOPD, por los cuales son tratados de manera l\u00edcita, leal y transparente en relaci\u00f3n con el interesado y, adecuados, pertinentes y limitados a lo necesario en relaci\u00f3n con los fines para los que son tratados.<\/p>\n<p style=\"font-weight: 400;\">La RESPONSABLE garantiza que ha implementado pol\u00edticas t\u00e9cnicas y organizativas apropiadas para aplicar las medidas de seguridad que establecen el GDPR y la LOPD con el fin de proteger los derechos y libertades de los Usuarios, y les ha comunicado la informaci\u00f3n adecuada para que puedan ejercerlos.<\/p>\n<p style=\"font-weight: 400;\">El SITIO no puede asumir ninguna responsabilidad en el caso de que la\u00a0p\u00e1gina o su\u00a0sistema de almacenamiento de datos sea atacado\u00a0por \u2018hackers\u2019, lo que puede causar un uso indebido de su informaci\u00f3n. Sin embargo, garantizamos que siempre haremos lo posible para proteger nuestro sistema con la tecnolog\u00eda que se encuentra a nuestro alcance para impedir este tipo de violaciones.<\/p>\n<p style=\"font-weight: 400;\">Si en alg\u00fan momento el USUARIO\u00a0tiene problemas para acceder a alguna parte de nuestra web, puede deberse al modelo o versi\u00f3n de su navegador o a la configuraci\u00f3n de las opciones del mismo. Si necesita que le ayudemos a encontrar la soluci\u00f3n o si tiene alguna duda respecto al funcionamiento de nuestro sistema de compra, puede enviarnos\u00a0un e-mail a info@localhost.<\/p>\n","protected":false},"excerpt":{"rendered":"<p>\u00daltima actualizaci\u00f3n: 10 de Septiembre de 2023 &nbsp; 1. INFORMACI\u00d3N AL USUARIO &nbsp; \u00a1Bienvenidos a Objetivo Espa\u00f1ol! Valoramos su privacidad y estamos comprometidos en proteger su informaci\u00f3n personal. Esta Pol\u00edtica de Privacidad explica c\u00f3mo recopilamos, usamos, revelamos y protegemos su informaci\u00f3n cuando utiliza nuestro sitio web o servicios. Patricia V\u00e1zquez L\u00f3pez en adelante RESPONSABLE, es [&hellip;]<\/p>\n","protected":false},"author":24,"featured_media":0,"parent":0,"menu_order":0,"comment_status":"closed","ping_status":"closed","template":"","meta":{"_et_pb_use_builder":"","_et_pb_old_content":"","_et_gb_content_width":"","footnotes":""},"_links":{"self":[{"href":"https:\/\/objetivoespanol.com\/es\/wp-json\/wp\/v2\/pages\/2232"}],"collection":[{"href":"https:\/\/objetivoespanol.com\/es\/wp-json\/wp\/v2\/pages"}],"about":[{"href":"https:\/\/objetivoespanol.com\/es\/wp-json\/wp\/v2\/types\/page"}],"author":[{"embeddable":true,"href":"https:\/\/objetivoespanol.com\/es\/wp-json\/wp\/v2\/users\/24"}],"replies":[{"embeddable":true,"href":"https:\/\/objetivoespanol.com\/es\/wp-json\/wp\/v2\/comments?post=2232"}],"version-history":[{"count":0,"href":"https:\/\/objetivoespanol.com\/es\/wp-json\/wp\/v2\/pages\/2232\/revisions"}],"wp:attachment":[{"href":"https:\/\/objetivoespanol.com\/es\/wp-json\/wp\/v2\/media?parent=2232"}],"curies":[{"name":"wp","href":"https:\/\/api.w.org\/{rel}","templated":true}]}}