{"id":2189,"date":"2023-10-18T12:09:58","date_gmt":"2023-10-18T11:09:58","guid":{"rendered":"https:\/\/objetivoespanol.com\/?page_id=2189"},"modified":"2024-02-12T10:41:32","modified_gmt":"2024-02-12T10:41:32","slug":"aviso-legal","status":"publish","type":"page","link":"https:\/\/objetivoespanol.com\/es\/aviso-legal\/","title":{"rendered":"Aviso Legal"},"content":{"rendered":"<p>[et_pb_section fb_built=&#8221;1&#8243; _builder_version=&#8221;4.16&#8243; global_colors_info=&#8221;{}&#8221;][et_pb_row _builder_version=&#8221;4.16&#8243; background_size=&#8221;initial&#8221; background_position=&#8221;top_left&#8221; background_repeat=&#8221;repeat&#8221; global_colors_info=&#8221;{}&#8221;][et_pb_column type=&#8221;4_4&#8243; _builder_version=&#8221;4.16&#8243; custom_padding=&#8221;|||&#8221; global_colors_info=&#8221;{}&#8221; custom_padding__hover=&#8221;|||&#8221;][et_pb_text _builder_version=&#8221;4.23.4&#8243; background_size=&#8221;initial&#8221; background_position=&#8221;top_left&#8221; background_repeat=&#8221;repeat&#8221; global_colors_info=&#8221;{}&#8221;]<\/p>\n<h2>Aviso legal<\/h2>\n<ol>\n<li style=\"font-weight: 400;\"><strong>Titularidad<\/strong><\/li>\n<\/ol>\n<p style=\"font-weight: 400;\">En cumplimiento del art\u00edculo 10 de la Ley 34\/2002, de 11 de julio, de Servicios de la Sociedad de la Informaci\u00f3n y Comercio Electr\u00f3nico, el Titular expone sus datos identificativos:<\/p>\n<ul>\n<li><strong>Titular:<\/strong> Patricia V\u00e1zquez L\u00f3pez<\/li>\n<li><strong>Correo electr\u00f3nico:<\/strong> info@objetivoespanol.com<\/li>\n<li><strong>Sitio Web:<\/strong>https:\/\/objetivoespanol.com\/<\/li>\n<\/ul>\n<p style=\"font-weight: 400;\">Para cualquier consulta o comunicaci\u00f3n, por favor, utilice la informaci\u00f3n de contacto proporcionada anteriormente.<\/p>\n<ol start=\"2\">\n<li style=\"font-weight: 400;\"><strong> CONDICIONES GENERALES<\/strong><\/li>\n<\/ol>\n<h4>Condiciones de Uso<\/h4>\n<p style=\"font-weight: 400;\">El acceso al Sitio Web es libre y gratuito siempre que el usuario acepte las condiciones de uso que se le muestren al entrar seg\u00fan la legislaci\u00f3n vigente.<\/p>\n<p style=\"font-weight: 400;\">Si el usuario se suscribe a cualquier servicio del Sitio Web lo har\u00e1 aceptando las Condiciones de Uso y Pol\u00edtica de Privacidad y Cookies que se le mostrar\u00e1n.<\/p>\n<p style=\"font-weight: 400;\"><strong>3)\u00a0 EXCLUSI\u00d3N Y GARANT\u00cdAS DE RESPONSABILIDAD<\/strong><\/p>\n<h3>Veracidad de los datos<\/h3>\n<p style=\"font-weight: 400;\">El usuario reconoce que los datos suministrados son veraces y ciertos, comprometi\u00e9ndose a notificar cualquier cambio o modificaci\u00f3n que se produzca en los mismos.<\/p>\n<h3>Modificaci\u00f3n del servicio<\/h3>\n<p style=\"font-weight: 400;\">Objetivo Espa\u00f1ol se reserva el derecho de modificar o eliminar los servicios que ofrece a trav\u00e9s de la web.<\/p>\n<h3>Normas generales de uso<\/h3>\n<p style=\"font-weight: 400;\">El usuario se obliga a utilizar este Sitio Web de forma diligente, correcta y respetuosa, en especial cuando publique opiniones y\/o comentarios.<\/p>\n<p style=\"font-weight: 400;\">Asimismo, se obliga a t\u00edtulo meramente enunciativo a no realizar comentarios o acciones:<\/p>\n<ul>\n<li>Difamatorios, inexactos, falsos, abusivos, injuriosos, obscenos, irreverentes, ofensivos, insultantes, t\u00e1cita o expresamente sexuales, amenazantes, acosadores, racistas, sexistas, discriminatorios por cualquier motivo, que atenten contra la moral, el orden p\u00fablico, los derechos fundamentales, las libertas p\u00fablicas, el honor, la intimidad o la imagen de terceros y en general la normativa vigente, y\/o ilegales o infractores de derechos de terceros (por ejemplo, P.E., derechos de propiedad industrial e intelectual; derechos de privacidad o publicidad).<\/li>\n<li>Transmisores de correo basura, \u201cSPAM\u201d, mensajes con fines comerciales, \u201ccartas en cadena\u201d o <em>mailings<\/em> masivos no solicitados, falsos, enga\u00f1osos o promuevan actividades ilegales o conducta grosera, amenazante, obscena, difamatoria o injuriosa.<\/li>\n<li>Que suministren informaci\u00f3n pr\u00e1ctica sobre actividades ilegales.<\/li>\n<li>Que conlleven cualquier actividad comercial, publicidad o ventas, incluso aunque no haya contraprestaci\u00f3n monetaria.<\/li>\n<li>Que contengan datos de car\u00e1cter personal sobre terceras personas que requieran el consentimiento del propietario o titular de los derechos.<\/li>\n<\/ul>\n<p style=\"font-weight: 400;\">El usuario responder\u00e1 frente a Objetivo Espa\u00f1ol o frente a cualquier tercero, de cualesquiera da\u00f1os y perjuicios que pudieran causarse como consecuencia del incumplimiento de dicha obligaci\u00f3n. Objetivo Espa\u00f1ol no interviene los contenidos de los usuarios.<\/p>\n<h2>Propiedad intelectual<\/h2>\n<p style=\"font-weight: 400;\">Mediante estas condiciones legales no se cede ning\u00fan derecho de propiedad intelectual o industrial sobre este Sitio Web y sus contenidos (fotograf\u00edas, v\u00eddeos, creaciones, textos,\u2026). Quedando expresamente prohibido al usuario la reproducci\u00f3n, transformaci\u00f3n, distribuci\u00f3n, comunicaci\u00f3n p\u00fablica, puesta a disposici\u00f3n, extracci\u00f3n, reutilizaci\u00f3n, reenv\u00edo o la utilizaci\u00f3n de cualquier naturaleza, por cualquier medio o procedimiento, de cualquiera de ellos, salvo en los casos en que est\u00e9 legalmente permitido o sea autorizado por el titular de los correspondientes derechos.<\/p>\n<h2>Obligaciones de Sitio Web<\/h2>\n<p style=\"font-weight: 400;\">Sitio Web es responsable de los servicios que presta por ella misma y de los contenidos directamente originados por la propia web e identificados con su correspondiente copyright.<\/p>\n<p style=\"font-weight: 400;\">Sitio Web adoptar\u00e1 las medidas necesarias que permitan garantizar la seguridad y privacidad en la comunicaciones.<\/p>\n<p style=\"font-weight: 400;\">Sitio Web se reserva el derecho a suspender temporalmente la prestaci\u00f3n del servicio sin previo aviso al Usuario, siempre y cuando sea necesario para efectuar operaciones de mantenimiento, actualizaci\u00f3n o mejora del servicio.<\/p>\n<p style=\"font-weight: 400;\">Sitio Web no puede asegurar la disponibilidad y continuidad permanente del servicio web debido a interrupciones, fallos etc\u2026<\/p>\n<p style=\"font-weight: 400;\">Los usuarios, por virtud de su aceptaci\u00f3n a las condiciones generales recogidas en este aviso legal, renuncian expresamente a cualquier fuero que, pudiera corresponderle.<\/p>\n<p>[\/et_pb_text][\/et_pb_column][\/et_pb_row][\/et_pb_section]<\/p>\n","protected":false},"excerpt":{"rendered":"<p>[et_pb_section fb_built=&#8221;1&#8243; _builder_version=&#8221;4.16&#8243; global_colors_info=&#8221;{}&#8221;][et_pb_row _builder_version=&#8221;4.16&#8243; background_size=&#8221;initial&#8221; background_position=&#8221;top_left&#8221; background_repeat=&#8221;repeat&#8221; global_colors_info=&#8221;{}&#8221;][et_pb_column type=&#8221;4_4&#8243; _builder_version=&#8221;4.16&#8243; custom_padding=&#8221;|||&#8221; global_colors_info=&#8221;{}&#8221; custom_padding__hover=&#8221;|||&#8221;][et_pb_text _builder_version=&#8221;4.23.4&#8243; background_size=&#8221;initial&#8221; background_position=&#8221;top_left&#8221; background_repeat=&#8221;repeat&#8221; global_colors_info=&#8221;{}&#8221;] Aviso legal Titularidad En cumplimiento del art\u00edculo 10 de la Ley 34\/2002, de 11 de julio, de Servicios de la Sociedad de la Informaci\u00f3n y Comercio Electr\u00f3nico, el Titular expone sus datos identificativos: Titular: Patricia V\u00e1zquez [&hellip;]<\/p>\n","protected":false},"author":24,"featured_media":0,"parent":0,"menu_order":0,"comment_status":"closed","ping_status":"closed","template":"","meta":{"_et_pb_use_builder":"","_et_pb_old_content":"<p>[et_pb_section][et_pb_row][et_pb_column type=\"4_4\"][et_pb_text]<\/p><ol><li style=\"font-weight: 400;\"><strong>OWNERSHIP<\/strong><\/li><\/ol><p style=\"font-weight: 400;\">In compliance with Article 10 of Law 34\/2002, of July 11, on Information Society Services and Electronic Commerce, the Owner provides its identifying data:<\/p><p style=\"font-weight: 400;\">Objetivo Espa\u00f1ol<\/p><ul><li>Owner: Patricia V\u00e1zquez L\u00f3pez<\/li><li>Website URL: https:\/\/objetivoespanol.com\/<\/li><li>Contact Email: info@objetivoespanol.com<\/li><\/ul><p style=\"font-weight: 400;\">For any inquiries or communication, please use the contact information provided above.<\/p><ol start=\"2\"><li style=\"font-weight: 400;\"><strong> GENERAL CONDITIONS<\/strong><\/li><\/ol><h3>\u00a0<\/h3><h3>Website Terms of Use<\/h3><p style=\"font-weight: 400;\">Access to the Website is free and unrestricted, provided that the USER accepts the terms of use displayed upon entry, according to current legislation.<br \/>If the USER signs up to any service on the Website, they do so accepting the Terms of Use and Privacy and Cookies Policy that will be shown to them.<\/p><ol start=\"3\"><li style=\"font-weight: 400;\"><strong> EXCLUSION AND LIABILITY WARRANTIES<\/strong><\/li><\/ol><h3>\u00a0<\/h3><h3>Data Accuracy<\/h3><p style=\"font-weight: 400;\">The USER acknowledges that the provided data is accurate and true, committing to notify <strong>the website<\/strong> of any changes or modifications that occur.<\/p><h3>\u00a0<\/h3><h3>Service Modification<\/h3><p style=\"font-weight: 400;\">Objetivo Espa\u00f1ol reserves the right to modify or eliminate the services offered through the website.<\/p><h3>\u00a0<\/h3><h3>General Rules of Use<\/h3><p style=\"font-weight: 400;\">The USER agrees to use this Website diligently, correctly, and respectfully, especially when posting opinions and\/or comments.<\/p><p style=\"font-weight: 400;\">Likewise, the USER undertakes, on a purely illustrative basis, not to make comments or take actions that involve:<\/p><ul><li>Defamatory, inaccurate, false, abusive, offensive, obscene, irreverent, insulting, implicitly or explicitly sexual, threatening, harassing, racist, sexist, or discrimination of any type that infringes upon morality, public order, fundamental rights, public liberties, honor, privacy, or images of third parties that are in current regulations illegal or infringe on third-party rights (e.g., industrial and intellectual property rights; privacy or publicity rights).<\/li><li>Transmitters of spam, \u201cSPAM,\u201d messages with commercial purposes, \u201cchain letters,\u201d or unsolicited mass mailings, false, misleading, or promoting illegal activities or rude, threatening, obscene, defamatory, or injurious behavior.<\/li><li>Providing practical information about illegal activities.<\/li><li>Involving any commercial activity, advertising, or sales, even if there is no monetary consideration.<\/li><li>Including personal data about third parties that require the consent of the owner or holder of the rights.<\/li><\/ul><p style=\"font-weight: 400;\">The USER will be responsible to Objetivo Espa\u00f1ol or any third party for any damages that may result from the breach of this obligation. Objetivo Espa\u00f1ol does not moderate USER content.<\/p><h3>\u00a0<\/h3><h3>Intellectual Property<\/h3><p style=\"font-weight: 400;\">Through these legal conditions, no intellectual or industrial property rights over this Website and its contents (photographs, videos, creations, texts, etc.) are assigned. The USER is expressly prohibited from reproducing, transforming, distributing, publicly communicating, making available, extracting, reusing, forwarding, or using them in any way, by any means or procedure, unless it is legally permitted or authorized by the holder of the corresponding rights.<\/p><h3>\u00a0<\/h3><h3>Obligations of the Website<\/h3><p style=\"font-weight: 400;\">The Website is responsible for the services it expressly provides and for the contents directly originated by the website and identified with its corresponding copyright.<br \/>The Website will take the necessary measures to ensure security and privacy in communications.<br \/>The Website reserves the right to temporarily suspend the provision of the service without prior notice to the USER, whenever it is necessary to carry out maintenance, updating, or improvement operations.<br \/>The Website cannot guarantee the permanent availability and continuity of the web service due to interruptions, failures, etc.<br \/>By virtue of their acceptance of the general conditions contained in this legal notice, USERS expressly waive any jurisdiction that may correspond to them.<\/p><hr \/><h2>\u00a0<\/h2><h2>Aviso legal<\/h2><h2>\u00a0<\/h2><ol><li style=\"font-weight: 400;\"><strong>Titularidad<\/strong><\/li><\/ol><p style=\"font-weight: 400;\">En cumplimiento del art\u00edculo 10 de la Ley 34\/2002, de 11 de julio, de Servicios de la Sociedad de la Informaci\u00f3n y Comercio Electr\u00f3nico, el Titular expone sus datos identificativos:<\/p><ul><li><strong>Titular:<\/strong> Patricia V\u00e1zquez L\u00f3pez<\/li><li><strong>Correo electr\u00f3nico:<\/strong> info@objetivoespanol.com<\/li><li><strong>Sitio Web:<\/strong>https:\/\/objetivoespanol.com\/<\/li><\/ul><p style=\"font-weight: 400;\">Para cualquier consulta o comunicaci\u00f3n, por favor, utilice la informaci\u00f3n de contacto proporcionada anteriormente.<\/p><ol start=\"2\"><li style=\"font-weight: 400;\"><strong> CONDICIONES GENERALES<\/strong><\/li><\/ol><h4>Condiciones de Uso<\/h4><p style=\"font-weight: 400;\">El acceso al Sitio Web es libre y gratuito siempre que el usuario acepte las condiciones de uso que se le muestren al entrar seg\u00fan la legislaci\u00f3n vigente.<\/p><p style=\"font-weight: 400;\">Si el usuario se suscribe a cualquier servicio del Sitio Web lo har\u00e1 aceptando las Condiciones de Uso y Pol\u00edtica de Privacidad y Cookies que se le mostrar\u00e1n.<\/p><p style=\"font-weight: 400;\"><strong>3)\u00a0 EXCLUSI\u00d3N Y GARANT\u00cdAS DE RESPONSABILIDAD<\/strong><\/p><h3>Veracidad de los datos<\/h3><p style=\"font-weight: 400;\">El usuario reconoce que los datos suministrados son veraces y ciertos, comprometi\u00e9ndose a notificar cualquier cambio o modificaci\u00f3n que se produzca en los mismos.<\/p><h3>Modificaci\u00f3n del servicio<\/h3><p style=\"font-weight: 400;\">Objetivo Espa\u00f1ol se reserva el derecho de modificar o eliminar los servicios que ofrece a trav\u00e9s de la web.<\/p><h3>Normas generales de uso<\/h3><p style=\"font-weight: 400;\">El usuario se obliga a utilizar este Sitio Web de forma diligente, correcta y respetuosa, en especial cuando publique opiniones y\/o comentarios.<\/p><p style=\"font-weight: 400;\">Asimismo, se obliga a t\u00edtulo meramente enunciativo a no realizar comentarios o acciones:<\/p><ul><li>Difamatorios, inexactos, falsos, abusivos, injuriosos, obscenos, irreverentes, ofensivos, insultantes, t\u00e1cita o expresamente sexuales, amenazantes, acosadores, racistas, sexistas, discriminatorios por cualquier motivo, que atenten contra la moral, el orden p\u00fablico, los derechos fundamentales, las libertas p\u00fablicas, el honor, la intimidad o la imagen de terceros y en general la normativa vigente, y\/o ilegales o infractores de derechos de terceros (por ejemplo, P.E., derechos de propiedad industrial e intelectual; derechos de privacidad o publicidad).<\/li><li>Transmisores de correo basura, \u201cSPAM\u201d, mensajes con fines comerciales, \u201ccartas en cadena\u201d o <em>mailings<\/em> masivos no solicitados, falsos, enga\u00f1osos o promuevan actividades ilegales o conducta grosera, amenazante, obscena, difamatoria o injuriosa.<\/li><li>Que suministren informaci\u00f3n pr\u00e1ctica sobre actividades ilegales.<\/li><li>Que conlleven cualquier actividad comercial, publicidad o ventas, incluso aunque no haya contraprestaci\u00f3n monetaria.<\/li><li>Que contengan datos de car\u00e1cter personal sobre terceras personas que requieran el consentimiento del propietario o titular de los derechos.<\/li><\/ul><p style=\"font-weight: 400;\">El usuario responder\u00e1 frente a Objetivo Espa\u00f1ol o frente a cualquier tercero, de cualesquiera da\u00f1os y perjuicios que pudieran causarse como consecuencia del incumplimiento de dicha obligaci\u00f3n. Objetivo Espa\u00f1ol no interviene los contenidos de los usuarios.<\/p><h2>Propiedad intelectual<\/h2><p style=\"font-weight: 400;\">Mediante estas condiciones legales no se cede ning\u00fan derecho de propiedad intelectual o industrial sobre este Sitio Web y sus contenidos (fotograf\u00edas, v\u00eddeos, creaciones, textos,\u2026). Quedando expresamente prohibido al usuario la reproducci\u00f3n, transformaci\u00f3n, distribuci\u00f3n, comunicaci\u00f3n p\u00fablica, puesta a disposici\u00f3n, extracci\u00f3n, reutilizaci\u00f3n, reenv\u00edo o la utilizaci\u00f3n de cualquier naturaleza, por cualquier medio o procedimiento, de cualquiera de ellos, salvo en los casos en que est\u00e9 legalmente permitido o sea autorizado por el titular de los correspondientes derechos.<\/p><h2>Obligaciones de Sitio Web<\/h2><p style=\"font-weight: 400;\">Sitio Web es responsable de los servicios que presta por ella misma y de los contenidos directamente originados por la propia web e identificados con su correspondiente copyright.<\/p><p style=\"font-weight: 400;\">Sitio Web adoptar\u00e1 las medidas necesarias que permitan garantizar la seguridad y privacidad en la comunicaciones.<\/p><p style=\"font-weight: 400;\">Sitio Web se reserva el derecho a suspender temporalmente la prestaci\u00f3n del servicio sin previo aviso al Usuario, siempre y cuando sea necesario para efectuar operaciones de mantenimiento, actualizaci\u00f3n o mejora del servicio.<\/p><p style=\"font-weight: 400;\">Sitio Web no puede asegurar la disponibilidad y continuidad permanente del servicio web debido a interrupciones, fallos etc\u2026<\/p><p style=\"font-weight: 400;\">Los usuarios, por virtud de su aceptaci\u00f3n a las condiciones generales recogidas en este aviso legal, renuncian expresamente a cualquier fuero que, pudiera corresponderle.<\/p><p>[\/et_pb_text][\/et_pb_column][\/et_pb_row][\/et_pb_section]<\/p>","_et_gb_content_width":"","footnotes":""},"_links":{"self":[{"href":"https:\/\/objetivoespanol.com\/es\/wp-json\/wp\/v2\/pages\/2189"}],"collection":[{"href":"https:\/\/objetivoespanol.com\/es\/wp-json\/wp\/v2\/pages"}],"about":[{"href":"https:\/\/objetivoespanol.com\/es\/wp-json\/wp\/v2\/types\/page"}],"author":[{"embeddable":true,"href":"https:\/\/objetivoespanol.com\/es\/wp-json\/wp\/v2\/users\/24"}],"replies":[{"embeddable":true,"href":"https:\/\/objetivoespanol.com\/es\/wp-json\/wp\/v2\/comments?post=2189"}],"version-history":[{"count":0,"href":"https:\/\/objetivoespanol.com\/es\/wp-json\/wp\/v2\/pages\/2189\/revisions"}],"wp:attachment":[{"href":"https:\/\/objetivoespanol.com\/es\/wp-json\/wp\/v2\/media?parent=2189"}],"curies":[{"name":"wp","href":"https:\/\/api.w.org\/{rel}","templated":true}]}}