{"id":2083,"date":"2023-10-18T12:09:58","date_gmt":"2023-10-18T11:09:58","guid":{"rendered":"https:\/\/objetivoespanol.com\/?page_id=2083"},"modified":"2024-02-12T10:41:32","modified_gmt":"2024-02-12T10:41:32","slug":"politica-de-devoluciones-y-reembolsos","status":"publish","type":"page","link":"https:\/\/objetivoespanol.com\/es\/politica-de-devoluciones-y-reembolsos\/","title":{"rendered":"Pol\u00edtica de devoluciones y reembolsos"},"content":{"rendered":"\n<p>Esta es una p\u00e1gina de muestra.<\/p>\n<p>Resumen<\/p>\n<p>Nuestra pol\u00edtica de reembolsos y devoluciones dura 30 d\u00edas. Si han pasado 30 d\u00edas desde su compra, no podemos ofrecerle un reembolso o cambio completo.<\/p>\n<p>Para poder realizar una devoluci\u00f3n, el art\u00edculo debe estar sin usar y en las mismas condiciones en las que lo recibi\u00f3. Tambi\u00e9n debe estar en su embalaje original.<\/p>\n<p>Hay varios tipos de productos que no pueden devolverse. Los productos perecederos, como alimentos, flores, peri\u00f3dicos o revistas, no pueden devolverse. Tampoco aceptamos productos \u00edntimos o sanitarios, materiales peligrosos o l\u00edquidos o gases inflamables.<\/p>\n<p>Art\u00edculos adicionales no retornables:<\/p>\n<p>Tarjetas regalo<br \/>Productos de software descargables<br \/>Algunos art\u00edculos de salud y cuidado personal<br \/>Para completar su devoluci\u00f3n, necesitamos un recibo o prueba de compra.<\/p>\n<p>No env\u00ede su compra al fabricante.<\/p>\n<p>Hay determinadas situaciones en las que s\u00f3lo se conceden devoluciones parciales:<\/p>\n<p>Libro con signos evidentes de uso<br \/>CD, DVD, cinta VHS, software, videojuego, cinta de casete o disco de vinilo que haya sido abierto.<br \/>Cualquier art\u00edculo que no se encuentre en su estado original, est\u00e9 da\u00f1ado o le falten piezas por motivos que no se deban a un error nuestro.<br \/>Cualquier art\u00edculo que se devuelva m\u00e1s de 30 d\u00edas despu\u00e9s de la entrega.<br \/>Reembolsos<\/p>\n<p>Una vez recibida e inspeccionada su devoluci\u00f3n, le enviaremos un correo electr\u00f3nico para notificarle que hemos recibido su art\u00edculo devuelto. Tambi\u00e9n le notificaremos la aprobaci\u00f3n o rechazo de su reembolso.<\/p>\n<p>Si se aprueba, se procesar\u00e1 el reembolso y se aplicar\u00e1 autom\u00e1ticamente un cr\u00e9dito a su tarjeta de cr\u00e9dito o m\u00e9todo de pago original, en un plazo determinado de d\u00edas.<\/p>\n<p>Reembolsos atrasados o no recibidos<\/p>\n<p>Si a\u00fan no ha recibido el reembolso, compruebe primero de nuevo su cuenta bancaria.<\/p>\n<p>A continuaci\u00f3n, p\u00f3ngase en contacto con la entidad emisora de su tarjeta de cr\u00e9dito.<\/p>\n<p>A continuaci\u00f3n, p\u00f3ngase en contacto con su banco. A menudo transcurre alg\u00fan tiempo antes de que se contabilice el reembolso.<\/p>\n<p>Si has hecho todo esto y a\u00fan no has recibido el reembolso, ponte en contacto con nosotros en {email address}.<\/p>\n<p>Art\u00edculos en oferta<\/p>\n<p>S\u00f3lo se reembolsar\u00e1n los art\u00edculos de precio normal. Los art\u00edculos en oferta no se pueden reembolsar.<\/p>\n<p>Cambios<\/p>\n<p>S\u00f3lo cambiamos art\u00edculos si est\u00e1n defectuosos o da\u00f1ados. Si necesitas cambiarlo por el mismo art\u00edculo, env\u00edanos un correo electr\u00f3nico a {email address} y env\u00eda tu art\u00edculo a: {direcci\u00f3n f\u00edsica}.<\/p>\n<p>Regalos<\/p>\n<p>Si el art\u00edculo estaba marcado como regalo cuando lo compraste y te lo enviamos directamente, recibir\u00e1s un abono de regalo por el valor de tu devoluci\u00f3n. Una vez recibido el art\u00edculo devuelto, se te enviar\u00e1 por correo un vale regalo.<\/p>\n<p>Si el art\u00edculo no estaba marcado como regalo en el momento de la compra, o si la persona que hizo el regalo se envi\u00f3 a s\u00ed misma el pedido para entreg\u00e1rtelo a ti m\u00e1s tarde, enviaremos un reembolso a la persona que hizo el regalo y ella se enterar\u00e1 de tu devoluci\u00f3n.<\/p>\n<p>Env\u00edo de devoluciones<\/p>\n<p>Para devolver su producto, debe enviarlo por correo a {direcci\u00f3n f\u00edsica}.<\/p>\n<p>Usted ser\u00e1 responsable de pagar sus propios gastos de env\u00edo para devolver su art\u00edculo. Los gastos de env\u00edo no son reembolsables. Si recibe un reembolso, el coste del env\u00edo de devoluci\u00f3n se deducir\u00e1 de su reembolso.<\/p>\n<p>Dependiendo de d\u00f3nde viva, el tiempo que puede tardar en llegarle el producto cambiado puede variar.<\/p>\n<p>Si va a devolver art\u00edculos m\u00e1s caros, puede utilizar un servicio de env\u00edo con seguimiento o contratar un seguro de env\u00edo. No garantizamos que recibamos el art\u00edculo devuelto.<\/p>\n<p>\u00bfNecesita ayuda?<\/p>\n<p>Ponte en contacto con nosotros en {email} si tienes preguntas relacionadas con reembolsos y devoluciones.<\/p>\n<p>Traducci\u00f3n realizada con la versi\u00f3n gratuita del traductor www.DeepL.com\/Translator<\/p>\n","protected":false},"excerpt":{"rendered":"<p>Esta es una p\u00e1gina de muestra. Resumen Nuestra pol\u00edtica de reembolsos y devoluciones dura 30 d\u00edas. Si han pasado 30 d\u00edas desde su compra, no podemos ofrecerle un reembolso o cambio completo. Para poder realizar una devoluci\u00f3n, el art\u00edculo debe estar sin usar y en las mismas condiciones en las que lo recibi\u00f3. Tambi\u00e9n debe [&hellip;]<\/p>\n","protected":false},"author":24,"featured_media":0,"parent":0,"menu_order":0,"comment_status":"closed","ping_status":"closed","template":"","meta":{"_et_pb_use_builder":"","_et_pb_old_content":"","_et_gb_content_width":"","footnotes":""},"_links":{"self":[{"href":"https:\/\/objetivoespanol.com\/es\/wp-json\/wp\/v2\/pages\/2083"}],"collection":[{"href":"https:\/\/objetivoespanol.com\/es\/wp-json\/wp\/v2\/pages"}],"about":[{"href":"https:\/\/objetivoespanol.com\/es\/wp-json\/wp\/v2\/types\/page"}],"author":[{"embeddable":true,"href":"https:\/\/objetivoespanol.com\/es\/wp-json\/wp\/v2\/users\/24"}],"replies":[{"embeddable":true,"href":"https:\/\/objetivoespanol.com\/es\/wp-json\/wp\/v2\/comments?post=2083"}],"version-history":[{"count":0,"href":"https:\/\/objetivoespanol.com\/es\/wp-json\/wp\/v2\/pages\/2083\/revisions"}],"wp:attachment":[{"href":"https:\/\/objetivoespanol.com\/es\/wp-json\/wp\/v2\/media?parent=2083"}],"curies":[{"name":"wp","href":"https:\/\/api.w.org\/{rel}","templated":true}]}}